{"id":2297,"date":"2025-02-17T20:37:38","date_gmt":"2025-02-17T20:37:38","guid":{"rendered":"https:\/\/elpinar.com.mx\/?page_id=2297"},"modified":"2025-02-20T18:02:19","modified_gmt":"2025-02-20T18:02:19","slug":"blog","status":"publish","type":"page","link":"https:\/\/elpinar.com.mx\/en\/blog\/","title":{"rendered":"Blog"},"content":{"rendered":"<div data-elementor-type=\"wp-page\" data-elementor-id=\"2297\" class=\"elementor elementor-2297\" data-elementor-post-type=\"page\">\n\t\t\t\t<div class=\"elementor-element elementor-element-45101422 e-flex e-con-boxed e-con e-parent\" data-id=\"45101422\" data-element_type=\"container\" data-settings=\"{&quot;background_background&quot;:&quot;classic&quot;}\">\n\t\t\t\t\t<div class=\"e-con-inner\">\n\t\t<div class=\"elementor-element elementor-element-41d19809 e-con-full e-flex e-con e-child\" data-id=\"41d19809\" data-element_type=\"container\">\n\t\t\t\t<div class=\"elementor-element elementor-element-31e18a7b elementor-widget elementor-widget-heading\" data-id=\"31e18a7b\" data-element_type=\"widget\" data-widget_type=\"heading.default\">\n\t\t\t\t<div class=\"elementor-widget-container\">\n\t\t\t\t\t<h2 class=\"elementor-heading-title elementor-size-default\">Blog<\/h2>\t\t\t\t<\/div>\n\t\t\t\t<\/div>\n\t\t\t\t<div class=\"elementor-element elementor-element-15f1bcad elementor-widget elementor-widget-text-editor\" data-id=\"15f1bcad\" data-element_type=\"widget\" data-widget_type=\"text-editor.default\">\n\t\t\t\t<div class=\"elementor-widget-container\">\n\t\t\t\t\t\t\t\t\t<p>Historia, Arte y Celebraciones<\/p>\t\t\t\t\t\t\t\t<\/div>\n\t\t\t\t<\/div>\n\t\t\t\t<\/div>\n\t\t<div class=\"elementor-element elementor-element-4a48e e-con-full elementor-hidden-tablet elementor-hidden-mobile e-flex e-con e-child\" data-id=\"4a48e\" data-element_type=\"container\">\n\t\t\t\t<\/div>\n\t\t\t\t\t<\/div>\n\t\t\t\t<\/div>\n\t\t<div class=\"elementor-element elementor-element-34441b59 elementor-hidden-desktop elementor-hidden-tablet elementor-hidden-mobile e-flex e-con-boxed e-con e-parent\" data-id=\"34441b59\" data-element_type=\"container\">\n\t\t\t\t\t<div class=\"e-con-inner\">\n\t\t\t\t<div class=\"elementor-element elementor-element-d5327b7 elementor-widget elementor-widget-image\" data-id=\"d5327b7\" data-element_type=\"widget\" data-widget_type=\"image.default\">\n\t\t\t\t<div class=\"elementor-widget-container\">\n\t\t\t\t\t\t\t\t\t\t\t\t\t\t\t<img fetchpriority=\"high\" decoding=\"async\" width=\"800\" height=\"800\" src=\"https:\/\/elpinar.com.mx\/wp-content\/uploads\/2024\/02\/Icono-El-Pinar_02.png\" class=\"attachment-large size-large wp-image-394\" alt=\"\" srcset=\"https:\/\/elpinar.com.mx\/wp-content\/uploads\/2024\/02\/Icono-El-Pinar_02.png 800w, https:\/\/elpinar.com.mx\/wp-content\/uploads\/2024\/02\/Icono-El-Pinar_02-300x300.png 300w, https:\/\/elpinar.com.mx\/wp-content\/uploads\/2024\/02\/Icono-El-Pinar_02-150x150.png 150w, https:\/\/elpinar.com.mx\/wp-content\/uploads\/2024\/02\/Icono-El-Pinar_02-768x768.png 768w\" sizes=\"(max-width: 800px) 100vw, 800px\" \/>\t\t\t\t\t\t\t\t\t\t\t\t\t\t\t<\/div>\n\t\t\t\t<\/div>\n\t\t\t\t<div class=\"elementor-element elementor-element-163d1cd4 elementor-widget elementor-widget-text-editor\" data-id=\"163d1cd4\" data-element_type=\"widget\" data-widget_type=\"text-editor.default\">\n\t\t\t\t<div class=\"elementor-widget-container\">\n\t\t\t\t\t\t\t\t\t<p>Your Event at El Pinar<\/p>\t\t\t\t\t\t\t\t<\/div>\n\t\t\t\t<\/div>\n\t\t\t\t<div class=\"elementor-element elementor-element-33bbd6d8 elementor-widget elementor-widget-heading\" data-id=\"33bbd6d8\" data-element_type=\"widget\" data-widget_type=\"heading.default\">\n\t\t\t\t<div class=\"elementor-widget-container\">\n\t\t\t\t\t<h2 class=\"elementor-heading-title elementor-size-default\">Enterate de nuestras noticias<\/h2>\t\t\t\t<\/div>\n\t\t\t\t<\/div>\n\t\t\t\t\t<\/div>\n\t\t\t\t<\/div>\n\t\t<div class=\"elementor-element elementor-element-c9c2c2c e-flex e-con-boxed e-con e-parent\" data-id=\"c9c2c2c\" data-element_type=\"container\">\n\t\t\t\t\t<div class=\"e-con-inner\">\n\t\t\t\t<div class=\"elementor-element elementor-element-f455a0a elementor-grid-3 elementor-grid-tablet-2 elementor-grid-mobile-1 elementor-posts--thumbnail-top elementor-card-shadow-yes elementor-posts__hover-gradient elementor-widget elementor-widget-posts\" data-id=\"f455a0a\" data-element_type=\"widget\" data-settings=\"{&quot;cards_columns&quot;:&quot;3&quot;,&quot;cards_columns_tablet&quot;:&quot;2&quot;,&quot;cards_columns_mobile&quot;:&quot;1&quot;,&quot;cards_row_gap&quot;:{&quot;unit&quot;:&quot;px&quot;,&quot;size&quot;:35,&quot;sizes&quot;:[]},&quot;cards_row_gap_tablet_extra&quot;:{&quot;unit&quot;:&quot;px&quot;,&quot;size&quot;:&quot;&quot;,&quot;sizes&quot;:[]},&quot;cards_row_gap_tablet&quot;:{&quot;unit&quot;:&quot;px&quot;,&quot;size&quot;:&quot;&quot;,&quot;sizes&quot;:[]},&quot;cards_row_gap_mobile&quot;:{&quot;unit&quot;:&quot;px&quot;,&quot;size&quot;:&quot;&quot;,&quot;sizes&quot;:[]}}\" data-widget_type=\"posts.cards\">\n\t\t\t\t<div class=\"elementor-widget-container\">\n\t\t\t\t\t\t\t<div class=\"elementor-posts-container elementor-posts elementor-posts--skin-cards elementor-grid\" role=\"list\">\n\t\t\t\t<article class=\"elementor-post elementor-grid-item post-2505 post type-post status-publish format-standard has-post-thumbnail hentry category-blog\" role=\"listitem\">\n\t\t\t<div class=\"elementor-post__card\">\n\t\t\t\t<a class=\"elementor-post__thumbnail__link\" href=\"https:\/\/elpinar.com.mx\/en\/tres-decadas-transformando-congresos-y-bodas-destino\/\" tabindex=\"-1\" ><div class=\"elementor-post__thumbnail\"><img decoding=\"async\" width=\"1280\" height=\"853\" src=\"https:\/\/elpinar.com.mx\/wp-content\/uploads\/2025\/08\/Portada-1.jpeg\" class=\"attachment-full size-full wp-image-2519\" alt=\"\" srcset=\"https:\/\/elpinar.com.mx\/wp-content\/uploads\/2025\/08\/Portada-1.jpeg 1280w, https:\/\/elpinar.com.mx\/wp-content\/uploads\/2025\/08\/Portada-1-300x200.jpeg 300w, https:\/\/elpinar.com.mx\/wp-content\/uploads\/2025\/08\/Portada-1-1024x682.jpeg 1024w, https:\/\/elpinar.com.mx\/wp-content\/uploads\/2025\/08\/Portada-1-768x512.jpeg 768w, https:\/\/elpinar.com.mx\/wp-content\/uploads\/2025\/08\/Portada-1-18x12.jpeg 18w\" sizes=\"(max-width: 1280px) 100vw, 1280px\" \/><\/div><\/a>\n\t\t\t\t<div class=\"elementor-post__text\">\n\t\t\t\t<h3 class=\"elementor-post__title\">\n\t\t\t<a href=\"https:\/\/elpinar.com.mx\/en\/tres-decadas-transformando-congresos-y-bodas-destino\/\" >\n\t\t\t\tTres d\u00e9cadas transformando congresos y bodas destino\t\t\t<\/a>\n\t\t<\/h3>\n\t\t\t\t<div class=\"elementor-post__excerpt\">\n\t\t\t<p>Los 80\u2019s fue la d\u00e9cada parteaguas de las \u00faltimas tecnolog\u00edas, quienes se formaron en\u00a0 esos a\u00f1os y siguen vigentes en el \u00e1mbito profesional cuentan con<\/p>\n\t\t<\/div>\n\t\t\t\t\t<div class=\"elementor-post__read-more-wrapper\">\n\t\t\n\t\t<a class=\"elementor-post__read-more\" href=\"https:\/\/elpinar.com.mx\/en\/tres-decadas-transformando-congresos-y-bodas-destino\/\" aria-label=\"Read more about Tres d\u00e9cadas transformando congresos y bodas destino\" tabindex=\"-1\" >\n\t\t\tLeer M\u00e1s\t\t<\/a>\n\n\t\t\t\t\t<\/div>\n\t\t\t\t<\/div>\n\t\t\t\t<div class=\"elementor-post__meta-data\">\n\t\t\t\t\t<span class=\"elementor-post-date\">\n\t\t\tAugust 15, 2025\t\t<\/span>\n\t\t\t\t<span class=\"elementor-post-avatar\">\n\t\t\tNo Comments\t\t<\/span>\n\t\t\t\t<\/div>\n\t\t\t\t\t<\/div>\n\t\t<\/article>\n\t\t\t\t<article class=\"elementor-post elementor-grid-item post-2454 post type-post status-publish format-standard has-post-thumbnail hentry category-blog\" role=\"listitem\">\n\t\t\t<div class=\"elementor-post__card\">\n\t\t\t\t<a class=\"elementor-post__thumbnail__link\" href=\"https:\/\/elpinar.com.mx\/en\/entrevista-bravo-catering\/\" tabindex=\"-1\" ><div class=\"elementor-post__thumbnail\"><img decoding=\"async\" width=\"1000\" height=\"750\" src=\"https:\/\/elpinar.com.mx\/wp-content\/uploads\/2025\/07\/IMG_7277-1.jpg\" class=\"attachment-full size-full wp-image-2464\" alt=\"\" srcset=\"https:\/\/elpinar.com.mx\/wp-content\/uploads\/2025\/07\/IMG_7277-1.jpg 1000w, https:\/\/elpinar.com.mx\/wp-content\/uploads\/2025\/07\/IMG_7277-1-300x225.jpg 300w, https:\/\/elpinar.com.mx\/wp-content\/uploads\/2025\/07\/IMG_7277-1-768x576.jpg 768w, https:\/\/elpinar.com.mx\/wp-content\/uploads\/2025\/07\/IMG_7277-1-16x12.jpg 16w\" sizes=\"(max-width: 1000px) 100vw, 1000px\" \/><\/div><\/a>\n\t\t\t\t<div class=\"elementor-post__text\">\n\t\t\t\t<h3 class=\"elementor-post__title\">\n\t\t\t<a href=\"https:\/\/elpinar.com.mx\/en\/entrevista-bravo-catering\/\" >\n\t\t\t\tCuando el catering alcanza nivel Michelin: la filosof\u00eda de Bravo Catering\t\t\t<\/a>\n\t\t<\/h3>\n\t\t\t\t<div class=\"elementor-post__excerpt\">\n\t\t\t<p>\u201cTerrina de brisket con risotto trufado, ese es un \u00e9xito\u201d dice Christian Bravo Colmenero, al preguntarle cu\u00e1l es el platillo&nbsp; que identifica a Bravo Catering,<\/p>\n\t\t<\/div>\n\t\t\t\t\t<div class=\"elementor-post__read-more-wrapper\">\n\t\t\n\t\t<a class=\"elementor-post__read-more\" href=\"https:\/\/elpinar.com.mx\/en\/entrevista-bravo-catering\/\" aria-label=\"Read more about Cuando el catering alcanza nivel Michelin: la filosof\u00eda de Bravo Catering\" tabindex=\"-1\" >\n\t\t\tLeer M\u00e1s\t\t<\/a>\n\n\t\t\t\t\t<\/div>\n\t\t\t\t<\/div>\n\t\t\t\t<div class=\"elementor-post__meta-data\">\n\t\t\t\t\t<span class=\"elementor-post-date\">\n\t\t\tJuly 31, 2025\t\t<\/span>\n\t\t\t\t<span class=\"elementor-post-avatar\">\n\t\t\tNo Comments\t\t<\/span>\n\t\t\t\t<\/div>\n\t\t\t\t\t<\/div>\n\t\t<\/article>\n\t\t\t\t<article class=\"elementor-post elementor-grid-item post-2407 post type-post status-publish format-standard has-post-thumbnail hentry category-blog\" role=\"listitem\">\n\t\t\t<div class=\"elementor-post__card\">\n\t\t\t\t<a class=\"elementor-post__thumbnail__link\" href=\"https:\/\/elpinar.com.mx\/en\/el-pinar-un-icono-de-merida-que-sigue-escribiendo-su-historia\/\" tabindex=\"-1\" ><div class=\"elementor-post__thumbnail\"><img loading=\"lazy\" decoding=\"async\" width=\"1233\" height=\"822\" src=\"https:\/\/elpinar.com.mx\/wp-content\/uploads\/2025\/03\/IMG_0530.jpg\" class=\"attachment-full size-full wp-image-2408\" alt=\"\" srcset=\"https:\/\/elpinar.com.mx\/wp-content\/uploads\/2025\/03\/IMG_0530.jpg 1233w, https:\/\/elpinar.com.mx\/wp-content\/uploads\/2025\/03\/IMG_0530-300x200.jpg 300w, https:\/\/elpinar.com.mx\/wp-content\/uploads\/2025\/03\/IMG_0530-1024x683.jpg 1024w, https:\/\/elpinar.com.mx\/wp-content\/uploads\/2025\/03\/IMG_0530-768x512.jpg 768w, https:\/\/elpinar.com.mx\/wp-content\/uploads\/2025\/03\/IMG_0530-18x12.jpg 18w\" sizes=\"(max-width: 1233px) 100vw, 1233px\" \/><\/div><\/a>\n\t\t\t\t<div class=\"elementor-post__text\">\n\t\t\t\t<h3 class=\"elementor-post__title\">\n\t\t\t<a href=\"https:\/\/elpinar.com.mx\/en\/el-pinar-un-icono-de-merida-que-sigue-escribiendo-su-historia\/\" >\n\t\t\t\tEl Pinar: Un \u00edcono de M\u00e9rida que sigue escribiendo su historia\t\t\t<\/a>\n\t\t<\/h3>\n\t\t\t\t<div class=\"elementor-post__excerpt\">\n\t\t\t<p>El Pinar, parte de la Red de Museos de Yucat\u00e1n (REDMY), es una de las casonas m\u00e1s enigm\u00e1ticas y fotografiadas de la ciudad. Ubicada en<\/p>\n\t\t<\/div>\n\t\t\t\t\t<div class=\"elementor-post__read-more-wrapper\">\n\t\t\n\t\t<a class=\"elementor-post__read-more\" href=\"https:\/\/elpinar.com.mx\/en\/el-pinar-un-icono-de-merida-que-sigue-escribiendo-su-historia\/\" aria-label=\"Read more about El Pinar: Un \u00edcono de M\u00e9rida que sigue escribiendo su historia\" tabindex=\"-1\" >\n\t\t\tLeer M\u00e1s\t\t<\/a>\n\n\t\t\t\t\t<\/div>\n\t\t\t\t<\/div>\n\t\t\t\t<div class=\"elementor-post__meta-data\">\n\t\t\t\t\t<span class=\"elementor-post-date\">\n\t\t\tMarch 28, 2025\t\t<\/span>\n\t\t\t\t<span class=\"elementor-post-avatar\">\n\t\t\tNo Comments\t\t<\/span>\n\t\t\t\t<\/div>\n\t\t\t\t\t<\/div>\n\t\t<\/article>\n\t\t\t\t<article class=\"elementor-post elementor-grid-item post-2319 post type-post status-publish format-standard has-post-thumbnail hentry category-blog\" role=\"listitem\">\n\t\t\t<div class=\"elementor-post__card\">\n\t\t\t\t<a class=\"elementor-post__thumbnail__link\" href=\"https:\/\/elpinar.com.mx\/en\/consejos-para-un-evento-corporativo-exitoso\/\" tabindex=\"-1\" ><div class=\"elementor-post__thumbnail\"><img loading=\"lazy\" decoding=\"async\" width=\"2560\" height=\"1920\" src=\"https:\/\/elpinar.com.mx\/wp-content\/uploads\/2025\/02\/dji_fly_20230218_190320_987_1676768635927_photo-scaled.jpg\" class=\"attachment-full size-full wp-image-2325\" alt=\"\" srcset=\"https:\/\/elpinar.com.mx\/wp-content\/uploads\/2025\/02\/dji_fly_20230218_190320_987_1676768635927_photo-scaled.jpg 2560w, https:\/\/elpinar.com.mx\/wp-content\/uploads\/2025\/02\/dji_fly_20230218_190320_987_1676768635927_photo-300x225.jpg 300w, https:\/\/elpinar.com.mx\/wp-content\/uploads\/2025\/02\/dji_fly_20230218_190320_987_1676768635927_photo-1024x768.jpg 1024w, https:\/\/elpinar.com.mx\/wp-content\/uploads\/2025\/02\/dji_fly_20230218_190320_987_1676768635927_photo-768x576.jpg 768w, https:\/\/elpinar.com.mx\/wp-content\/uploads\/2025\/02\/dji_fly_20230218_190320_987_1676768635927_photo-1536x1152.jpg 1536w, https:\/\/elpinar.com.mx\/wp-content\/uploads\/2025\/02\/dji_fly_20230218_190320_987_1676768635927_photo-2048x1536.jpg 2048w, https:\/\/elpinar.com.mx\/wp-content\/uploads\/2025\/02\/dji_fly_20230218_190320_987_1676768635927_photo-16x12.jpg 16w\" sizes=\"(max-width: 2560px) 100vw, 2560px\" \/><\/div><\/a>\n\t\t\t\t<div class=\"elementor-post__text\">\n\t\t\t\t<h3 class=\"elementor-post__title\">\n\t\t\t<a href=\"https:\/\/elpinar.com.mx\/en\/consejos-para-un-evento-corporativo-exitoso\/\" >\n\t\t\t\t\u00bfC\u00f3mo elegir el venue ideal? Consejos para un evento corporativo exitoso\t\t\t<\/a>\n\t\t<\/h3>\n\t\t\t\t<div class=\"elementor-post__excerpt\">\n\t\t\t<p>\u00bfC\u00f3mo elegir el venue ideal? Organizar un evento corporativo exitoso requiere atenci\u00f3n a cada detalle, y la elecci\u00f3n del venue es una de las decisiones<\/p>\n\t\t<\/div>\n\t\t\t\t\t<div class=\"elementor-post__read-more-wrapper\">\n\t\t\n\t\t<a class=\"elementor-post__read-more\" href=\"https:\/\/elpinar.com.mx\/en\/consejos-para-un-evento-corporativo-exitoso\/\" aria-label=\"Read more about \u00bfC\u00f3mo elegir el venue ideal? Consejos para un evento corporativo exitoso\" tabindex=\"-1\" >\n\t\t\tLeer M\u00e1s\t\t<\/a>\n\n\t\t\t\t\t<\/div>\n\t\t\t\t<\/div>\n\t\t\t\t<div class=\"elementor-post__meta-data\">\n\t\t\t\t\t<span class=\"elementor-post-date\">\n\t\t\tFebruary 18, 2025\t\t<\/span>\n\t\t\t\t<span class=\"elementor-post-avatar\">\n\t\t\tNo Comments\t\t<\/span>\n\t\t\t\t<\/div>\n\t\t\t\t\t<\/div>\n\t\t<\/article>\n\t\t\t\t<\/div>\n\t\t\n\t\t\t\t\t\t<\/div>\n\t\t\t\t<\/div>\n\t\t\t\t\t<\/div>\n\t\t\t\t<\/div>\n\t\t\t\t<\/div>","protected":false},"excerpt":{"rendered":"<p>Blog Historia, Arte y Celebraciones Tu Evento en El Pinar Enterate de nuestras noticias<\/p>","protected":false},"author":1,"featured_media":0,"parent":0,"menu_order":0,"comment_status":"closed","ping_status":"closed","template":"elementor_header_footer","meta":{"footnotes":""},"class_list":["post-2297","page","type-page","status-publish","hentry"],"_links":{"self":[{"href":"https:\/\/elpinar.com.mx\/en\/wp-json\/wp\/v2\/pages\/2297","targetHints":{"allow":["GET"]}}],"collection":[{"href":"https:\/\/elpinar.com.mx\/en\/wp-json\/wp\/v2\/pages"}],"about":[{"href":"https:\/\/elpinar.com.mx\/en\/wp-json\/wp\/v2\/types\/page"}],"author":[{"embeddable":true,"href":"https:\/\/elpinar.com.mx\/en\/wp-json\/wp\/v2\/users\/1"}],"replies":[{"embeddable":true,"href":"https:\/\/elpinar.com.mx\/en\/wp-json\/wp\/v2\/comments?post=2297"}],"version-history":[{"count":0,"href":"https:\/\/elpinar.com.mx\/en\/wp-json\/wp\/v2\/pages\/2297\/revisions"}],"wp:attachment":[{"href":"https:\/\/elpinar.com.mx\/en\/wp-json\/wp\/v2\/media?parent=2297"}],"curies":[{"name":"wp","href":"https:\/\/api.w.org\/{rel}","templated":true}]}}