{"id":1981,"date":"2024-06-10T22:23:35","date_gmt":"2024-06-10T22:23:35","guid":{"rendered":"https:\/\/pinar2.funky.company\/?page_id=1981"},"modified":"2024-06-10T22:25:21","modified_gmt":"2024-06-10T22:25:21","slug":"aviso-de-privacidad","status":"publish","type":"page","link":"https:\/\/elpinar.com.mx\/en\/aviso-de-privacidad\/","title":{"rendered":"Privacy Policy"},"content":{"rendered":"<div data-elementor-type=\"wp-page\" data-elementor-id=\"1981\" class=\"elementor elementor-1981\" data-elementor-post-type=\"page\">\n\t\t\t\t<div class=\"elementor-element elementor-element-22940ba e-flex e-con-boxed e-con e-parent\" data-id=\"22940ba\" data-element_type=\"container\">\n\t\t\t\t\t<div class=\"e-con-inner\">\n\t\t\t\t<div class=\"elementor-element elementor-element-bbe8b7c elementor-widget elementor-widget-heading\" data-id=\"bbe8b7c\" data-element_type=\"widget\" data-widget_type=\"heading.default\">\n\t\t\t\t<div class=\"elementor-widget-container\">\n\t\t\t\t\t<h2 class=\"elementor-heading-title elementor-size-default\">Privacy Policy<\/h2>\t\t\t\t<\/div>\n\t\t\t\t<\/div>\n\t\t\t\t<div class=\"elementor-element elementor-element-0a629b1 elementor-widget elementor-widget-text-editor\" data-id=\"0a629b1\" data-element_type=\"widget\" data-widget_type=\"text-editor.default\">\n\t\t\t\t<div class=\"elementor-widget-container\">\n\t\t\t\t\t\t\t\t\t<p><b>PARA EL TRATAMIENTO DE LOS DATOS PERSONALES Y DATOS PERSONALES SENSIBLES.<\/b><\/p><p>\u00a0<\/p><p><b>RESPONSABLE<\/b><\/p><p><span style=\"font-weight: 400;\">DESARROLLO RIVIERA MAYA, S.A. de C.V.\u00a0 (En adelante \u201cEL PINAR\u201d), con domicilio en calle 60 n\u00famero 331, por 35 y Avenida Col\u00f3n, colonia Centro, M\u00e9rida, Yucat\u00e1n, c\u00f3digo postal 97000, es responsable de recabar sus datos personales, y datos personales sensibles, as\u00ed como del tratamiento y protecci\u00f3n de los mismos conforme a este Aviso de Privacidad.\u00a0<\/span><\/p><p>\u00a0<\/p><p><b>FINALIDAD DEL TRATAMIENTO DE DATOS PERSONALES<\/b><\/p><p><span style=\"font-weight: 400;\">Con fundamento en el art\u00edculo 3 de la Ley Federal de Protecci\u00f3n de Datos Personales en Posesi\u00f3n de los Particulares, se entender\u00e1 como Datos personales a cualquier informaci\u00f3n concerniente a una persona f\u00edsica identificada o identificable.\u00a0<\/span><\/p><p><span style=\"font-weight: 400;\">Finalidades necesarias para la existencia, mantenimiento y cumplimiento de la relaci\u00f3n jur\u00eddica.\u00a0<\/span><\/p><p><span style=\"font-weight: 400;\">Los datos personales ser\u00e1n recabados para la correcta prestaci\u00f3n de los servicios de eventos sociales, los cuales podr\u00e1n ser recabados para cotizaciones, reservaciones y en general para la realizaci\u00f3n del evento social que solicite.\u00a0<\/span><\/p><p><span style=\"font-weight: 400;\">Las im\u00e1genes, sonidos y grabaciones que se obtengan de los medios digitales consistentes en c\u00e1maras de seguridad de las instalaciones, ser\u00e1n utilizados para fines de vigilancia y seguridad.\u00a0<\/span><\/p><p><span style=\"font-weight: 400;\">Asimismo, sus datos personales e imagen podr\u00e1n ser utilizados por EL PINAR para su difusi\u00f3n o uso con fines publicitarios y\/o promocionales por cualquier medio digital, plataforma digital de redes sociales o cualquier medio de difusi\u00f3n impresa, electr\u00f3nica, sonora y\/o visual.\u00a0<\/span><\/p><p><span style=\"font-weight: 400;\">De igual forma sus datos personales ser\u00e1n utilizados para responder a sus requerimientos de informaci\u00f3n y atenci\u00f3n de servicio.<\/span><\/p><p><span style=\"font-weight: 400;\">Sus datos personales ser\u00e1n usados para cualquier gesti\u00f3n de cobro judicial o extrajudicial, financiera, o de facturaci\u00f3n para dar cumplimiento a las obligaciones pactadas en el contrato de prestaci\u00f3n de servicio respectivo y sus anexos.\u00a0<\/span><\/p><p><span style=\"font-weight: 400;\">Tambi\u00e9n podr\u00e1n ser utilizados con fines internos para evaluar nuestra calidad del servicio que EL PINAR le brinda.\u00a0<\/span><\/p><p>\u00a0<\/p><p><b>Finalidades no necesarias.<\/b><\/p><p><span style=\"font-weight: 400;\">Adem\u00e1s, sus datos podr\u00e1n ser utilizados para ofrecer e informar de avisos, promociones y\/o contenidos promocionales e informativos de EL PINAR u otras empresas pertenecientes o relacionados con el mismo.\u00a0<\/span><\/p><p>\u00a0<\/p><p><b>TRATAMIENTO DE DATOS PERSONALES SENSIBLES<\/b><\/p><p><span style=\"font-weight: 400;\">Con fundamento en el art\u00edculo 3 de la Ley Federal de Protecci\u00f3n de Datos Personales en Posesi\u00f3n de los Particulares, se entender\u00e1 como Datos personales sensibles: a aquellos datos personales que afecten a la esfera m\u00e1s \u00edntima de su titular, o cuya utilizaci\u00f3n indebida pueda dar origen a discriminaci\u00f3n o conlleve un riesgo grave para \u00e9ste. En particular, se consideran sensibles aquellos que puedan revelar aspectos como origen racial o \u00e9tnico, estado de salud presente y futura, informaci\u00f3n gen\u00e9tica, creencias religiosas, filos\u00f3ficas y morales, afiliaci\u00f3n sindical, opiniones pol\u00edticas, o preferencia sexual.<\/span><\/p><p><span style=\"font-weight: 400;\">Por la particularidad de los servicios proporcionados por EL PINAR, podr\u00e1n ser recabados sus datos personales sensibles con la misma finalidad descrita en el presente Aviso de privacidad.\u00a0<\/span><\/p><p>\u00a0<\/p><p><b>SE\u00d1ALAMIENTO DE DATOS RECABADOS<\/b><\/p><p><span style=\"font-weight: 400;\">Los datos personales y datos personales sensibles que EL PINAR recabe para las finalidades se\u00f1aladas en el presente Aviso de Privacidad, ser\u00e1n de manera enunciativa m\u00e1s no limitativa: el nombre completo, Clave \u00danica de Registro de Poblaci\u00f3n, Clave y dem\u00e1s datos de la credencial de identificaci\u00f3n oficial, fecha de nacimiento, edad, sexo, nacionalidad, ocupaci\u00f3n, direcci\u00f3n, c\u00f3digo postal, Municipio, Ciudad, Estado y Pa\u00eds de residencia, n\u00famero telef\u00f3nico, correo electr\u00f3nico, Registro Federal de Contribuyentes y fotograf\u00edas y\/o videos de los eventos sociales realizados.\u00a0<\/span><\/p><p><span style=\"font-weight: 400;\">De los datos personales se\u00f1alados en el p\u00e1rrafo inmediato anterior, se consideran sensibles: Clave y dem\u00e1s datos de la credencial de identificaci\u00f3n oficial, sexo, nacionalidad, ocupaci\u00f3n, Municipio, Ciudad, Estado y Pa\u00eds de residencia.<\/span><\/p><p><span style=\"font-weight: 400;\">Se podr\u00e1n obtener los datos de forma directa de su titular, de forma indirecta, o de forma personal de su titular, o a trav\u00e9s de medios electr\u00f3nicos y\/o digitales.\u00a0<\/span><\/p><p><span style=\"font-weight: 400;\">Asimismo, sus datos podr\u00e1n ser recabados a de manera directa cuando se realice alguna consulta, informaci\u00f3n y\/o cotizaci\u00f3n, o cuando se celebre el contrato de prestaci\u00f3n de servicio respectivo y sus anexos.\u00a0<\/span><\/p><p>\u00a0<\/p><p><b>TRANSFERENCIA DE DATOS<\/b><\/p><p><span style=\"font-weight: 400;\">El PINAR podr\u00e1 transferir a terceros sus datos personales recabados para poder llevar a cabo la finalidad de la prestaci\u00f3n de los servicios de eventos sociales, por lo que con fundamento en el art\u00edculo 37 de la Ley Federal de Protecci\u00f3n de Datos Personales en Posesi\u00f3n de los Particulares, las transferencias nacionales o internacionales que se hagan de sus datos personales, podr\u00e1n llevarse sin el consentimiento del titular.\u00a0<\/span><\/p><p><span style=\"font-weight: 400;\">Tambi\u00e9n podr\u00e1 transferir sus datos a terceros quienes se encarguen de la defensa jur\u00eddica de EL PINAR,\u00a0 para el reconocimiento, ejercicio o defensa de un derecho en un proceso judicial; as\u00ed como para la gesti\u00f3n y cobro de los servicios prestados, para la soluci\u00f3n de controversias relacionadas con el Titular de los datos, sus familiares o acompa\u00f1antes y EL PINAR o personal y\/o representante de EL PINAR, as\u00ed como para el seguimiento, cumplimiento, ejecuci\u00f3n o recisi\u00f3n de cualquier documento, anexo, convenio o contrato legal relacionada con los servicios prestados.\u00a0<\/span><\/p><p><span style=\"font-weight: 400;\">Se podr\u00e1n transferir los datos a las Autoridades P\u00fablicas mediante orden judicial o aquellos datos que por Ley, EL PINAR est\u00e9 obligado a proporcionar las Autoridades P\u00fablicas Administrativas, Judiciales y de Salud.\u00a0<\/span><\/p><p>\u00a0<\/p><p><b>COOKIES<\/b><\/p><p><span style=\"font-weight: 400;\">EL PINAR podr\u00e1 implementar el uso de cookies para obtener informaci\u00f3n enviada autom\u00e1ticamente por nuestro sitio web, las cuales se almacenan en su navegador, para conocer la actividad previa del usuario y obtener datos que nos permitan ofrecer un mejor servicio.\u00a0<\/span><\/p><p><br \/><br \/><\/p><p><b>EJERCICIO DE LOS DERECHOS ARCO (ACCESO, RECTIFICACI\u00d3N, CANCELACI\u00d3N Y OPOSICI\u00d3N)<\/b><\/p><p><span style=\"font-weight: 400;\">Para el ejercicio de sus derechos ARCO (Acceso, Rectificaci\u00f3n, Cancelaci\u00f3n y Oposici\u00f3n), deber\u00e1 presentar un escrito libre, donde especifique el derecho que desea ejercer, en las instalaciones de EL PINAR, ubicadas en la calle 60 n\u00famero 331, por 35 y Avenida Col\u00f3n, colonia Centro, M\u00e9rida, Yucat\u00e1n, c\u00f3digo postal 97000, en un horario de 11:00 am a 15:00 pm, el cual deber\u00e1 contener y acompa\u00f1ar lo siguiente:<\/span><\/p><p>\u00a0<\/p><ol><li><span style=\"font-weight: 400;\">Nombre del Titular de los datos personales.<\/span><\/li><li><span style=\"font-weight: 400;\">Domicilio del Titular.<\/span><\/li><li><span style=\"font-weight: 400;\">Medio para comunicarle la respuesta a su solicitud (Correo electr\u00f3nico o n\u00famero telef\u00f3nico).\u00a0<\/span><\/li><li><span style=\"font-weight: 400;\">Documentos que acrediten la identidad del Titular, o en su caso la representaci\u00f3n legal del titular.\u00a0<\/span><\/li><li><span style=\"font-weight: 400;\">Descripci\u00f3n clara y precisa de los datos personales respecto de los que se busca ejercer alguno de los derechos ARCO.<\/span><\/li><li><span style=\"font-weight: 400;\">En caso de que ejerza el derecho de Rectificaci\u00f3n, deber\u00e1 indicar de forma clara y precisa las modificaciones a realizarse sobre sus datos personales, y deber\u00e1 aportar la documentaci\u00f3n que sustente su petici\u00f3n.<\/span><\/li><li><span style=\"font-weight: 400;\">En caso de ejercer el derecho de Acceso, deber\u00e1 se\u00f1alar de manera clara y precisa, la modalidad o medio de reproducci\u00f3n mediante el cual desee obtener la informaci\u00f3n o datos personales, eligiendo cualquiera de las siguientes opciones: copias simples (debiendo cubrir los gastos de reproducci\u00f3n de copias) o documentos electr\u00f3nicos. Y trat\u00e1ndose de documentos electr\u00f3nicos deber\u00e1 se\u00f1alar el correo electr\u00f3nico o n\u00famero telef\u00f3nico por medio del cual se ejercer\u00e1 el derecho.<\/span><\/li><li><span style=\"font-weight: 400;\">Cualquier documento o informaci\u00f3n que acredite que sus datos personales se encuentran en posesi\u00f3n de EL PINAR.\u00a0<\/span><\/li><li><span style=\"font-weight: 400;\">Cualquier otro elemento o documento que facilite la localizaci\u00f3n de los datos personales.\u00a0<\/span><\/li><\/ol><p>\u00a0<\/p><p><span style=\"font-weight: 400;\">A partir de que EL PINAR reciba su solicitud, se le comunicar\u00e1 en un plazo m\u00e1ximo de 20 d\u00edas h\u00e1biles, la determinaci\u00f3n adoptada, a efecto de que si resulta procedente su solicitud, se har\u00e1 efectiva la misma dentro de los 15 d\u00edas h\u00e1biles siguientes a la fecha en que se le comunique la respuesta.\u00a0<\/span><\/p><p><span style=\"font-weight: 400;\">Los periodos previamente se\u00f1alados podr\u00e1n ser ampliados en una sola ocasi\u00f3n por un periodo igual, cuando existan causas justificadas en que EL PINAR no pudiera cumplir en tiempo con la respuesta o la implementaci\u00f3n de lo solicitado.\u00a0<\/span><\/p><p><span style=\"font-weight: 400;\">La comunicaci\u00f3n entre EL PINAR y el Titular de los datos, ser\u00e1 a trav\u00e9s del medio que el Titular o su representante se\u00f1alen en la solicitud, los cuales podr\u00e1n ser \u00fanicamente por v\u00eda telef\u00f3nica o por correo electr\u00f3nico.<\/span><\/p><p><span style=\"font-weight: 400;\">El PINAR podr\u00e1 solicitarle informaci\u00f3n o documentaci\u00f3n adicional, as\u00ed como el cotejo de los documentos que sustenten su solicitud.\u00a0\u00a0<\/span><\/p><p><span style=\"font-weight: 400;\">Cuando se solicite el Acceso a los datos personales, se permitir\u00e1 el acceso al Titular o a su representante legal seg\u00fan corresponda, previa acreditaci\u00f3n de identidad o de personalidad.\u00a0\u00a0<\/span><\/p><p><span style=\"font-weight: 400;\">Con fundamento en el art\u00edculo 35 de la Ley Federal de Protecci\u00f3n de Datos Personales en Posesi\u00f3n de los Particulares, el titular deber\u00e1 cubrir los gastos justificativos de env\u00edo o costo de reproducci\u00f3n cuando se soliciten copias simples en el ejercicio de sus derechos. Dichos costos se le informar\u00e1n antes de entregarle los documentos requeridos.\u00a0<\/span><\/p><p><br \/><br \/><\/p><p><b>CONSENTIMIENTO PARA EL TRATAMIENTO DE DATOS PERSONALES Y PROCEDIMIENTOS DE REVOCACI\u00d3N.\u00a0<\/b><\/p><p><span style=\"font-weight: 400;\">El PINAR podr\u00e1 tratar sus datos personales para aquellas finalidades que no son necesarias, ni hayan dado origen a la relaci\u00f3n jur\u00eddica con el responsable, por lo que deber\u00e1 seleccionar una opci\u00f3n de las que se presentan a continuaci\u00f3n:<\/span><\/p><p><span style=\"font-weight: 400;\">\u25a1 S\u00ed otorgo mi consentimiento para que mis datos personales sean tratados para finalidades no necesarias.<\/span><\/p><p><span style=\"font-weight: 400;\">\u25a1 No consiento que mis datos personales sean tratados para finalidades no necesarias.\u00a0<\/span><\/p><p><b>MECANISMOS Y PROCEDIMIENTOS DE REVOCACI\u00d3N DEL CONSENTIMIENTO AL TRATAMIENTO DE SUS DATOS PERSONALES.<\/b><\/p><p><span style=\"font-weight: 400;\">Para que el Titular solicite la Revocaci\u00f3n del Consentimiento al Tratamiento de sus datos personales, deber\u00e1 presentar un escrito libre, donde especifique que desea Revocar el consentimiento al tratamiento de sus datos personales recabados por EL PINAR, ante las instalaciones del mismo, ubicado en la calle 60 n\u00famero 331, por 35 y Avenida Col\u00f3n, colonia Centro, M\u00e9rida, Yucat\u00e1n, c\u00f3digo postal 97000, en un horario de 11:00 am a 15:00 pm, el cual deber\u00e1 contener y acompa\u00f1ar lo siguiente:<\/span><\/p><p>\u00a0<\/p><ol><li><span style=\"font-weight: 400;\">Nombre del Titular de los datos personales.<\/span><\/li><li><span style=\"font-weight: 400;\">Domicilio del Titular.\u00a0<\/span><\/li><li><span style=\"font-weight: 400;\">Medio para comunicarle la respuesta a su solicitud (Correo electr\u00f3nico o n\u00famero telef\u00f3nico).\u00a0<\/span><\/li><li><span style=\"font-weight: 400;\">Documentos que acrediten la identidad del Titular, o en su caso la representaci\u00f3n legal del titular.<\/span><\/li><li><span style=\"font-weight: 400;\">Descripci\u00f3n clara y precisa del tratamiento que desea revocar.<\/span><\/li><li><span style=\"font-weight: 400;\">Cualquier documento o informaci\u00f3n que acredite que sus datos personales se encuentran en posesi\u00f3n de EL PINAR.\u00a0<\/span><\/li><li><span style=\"font-weight: 400;\">Cualquier otro elemento o documento que facilite la localizaci\u00f3n de los datos personales.\u00a0<\/span><\/li><\/ol><p>\u00a0<\/p><p><span style=\"font-weight: 400;\">A partir de que EL PINAR reciba su solicitud, se le comunicar\u00e1 en un plazo m\u00e1ximo de 20 d\u00edas h\u00e1biles, la determinaci\u00f3n adoptada, a efecto de que si resulta procedente su solicitud, se har\u00e1 efectiva la misma dentro de los 15 d\u00edas h\u00e1biles siguientes a la fecha en que se le comunique la respuesta.\u00a0<\/span><\/p><p><span style=\"font-weight: 400;\">Los periodos previamente se\u00f1alados podr\u00e1n ser ampliados en una sola ocasi\u00f3n por un periodo igual, cuando existan causas justificadas en que EL PINAR no pudiera cumplir en tiempo con la respuesta o la implementaci\u00f3n de lo solicitado.\u00a0<\/span><\/p><p><span style=\"font-weight: 400;\">La comunicaci\u00f3n entre EL PINAR y el Titular de los datos, ser\u00e1 a trav\u00e9s del medio que el Titular o su representante se\u00f1alen en la solicitud, los cuales podr\u00e1n ser \u00fanicamente por v\u00eda telef\u00f3nica o por correo electr\u00f3nico.<\/span><\/p><p><span style=\"font-weight: 400;\">El PINAR podr\u00e1 solicitarle informaci\u00f3n o documentaci\u00f3n adicional, as\u00ed como el cotejo de los documentos que sustenten su solicitud.\u00a0\u00a0<\/span><\/p><p><span style=\"font-weight: 400;\">Sin embargo, es importante que tenga en cuenta que no en todos los casos podremos atender su solicitud o concluir el tratamiento de forma inmediata, ya que es posible que por alguna obligaci\u00f3n legal requiramos seguir tratando sus datos personales.\u00a0<\/span><\/p><p>\u00a0<\/p><p><b>LIMITACI\u00d3N AL USO O DIVULGACI\u00d3N DE DATOS<\/b><\/p><p><span style=\"font-weight: 400;\">El PINAR podr\u00e1 limitar el uso o divulgaci\u00f3n de los datos obtenidos, mediante solicitud por escrito firmada y presentada por el Titular de los datos o su Representante legal acompa\u00f1ada de los documentos con que acredite su identidad o personalidad, su domicilio, y el medio de contacto que podr\u00e1 ser el correo electr\u00f3nico o n\u00famero telef\u00f3nico, donde se\u00f1ale de manera clara su deseo de limitar el uso o divulgaci\u00f3n de sus datos recabados, y la forma en que desea limitarlos.<\/span><\/p><p><span style=\"font-weight: 400;\">La solicitud deber\u00e1 presentarse ante las instalaciones de EL PINAR, ubicado en la calle 60 n\u00famero 331, por 35 y Avenida Col\u00f3n, colonia Centro, M\u00e9rida, Yucat\u00e1n, c\u00f3digo postal 97000, en un horario de 11:00 am a 15:00 pm.<\/span><\/p><p>\u00a0<\/p><p><b>CAMBIOS EN EL PRESENTE AVISO DE PRIVACIDAD<\/b><\/p><p><span style=\"font-weight: 400;\">Cualquier modificaci\u00f3n a este aviso de privacidad podr\u00e1 consultarla en el \u00e1rea administrativa o en la p\u00e1gina de internet: <\/span><b>elpinar.com.mx<\/b><\/p><p><span style=\"font-weight: 400;\">Sin perjuicio de lo anterior, al final del presente Aviso de Privacidad, podr\u00e1 encontrar la fecha de \u00faltima actualizaci\u00f3n.<\/span><\/p>\t\t\t\t\t\t\t\t<\/div>\n\t\t\t\t<\/div>\n\t\t\t\t\t<\/div>\n\t\t\t\t<\/div>\n\t\t\t\t<\/div>","protected":false},"excerpt":{"rendered":"<p>Aviso de Privacidad PARA EL TRATAMIENTO DE LOS DATOS PERSONALES Y DATOS PERSONALES SENSIBLES. \u00a0 RESPONSABLE DESARROLLO RIVIERA MAYA, S.A. de C.V.\u00a0 (En adelante \u201cEL PINAR\u201d), con domicilio en calle 60 n\u00famero 331, por 35 y Avenida Col\u00f3n, colonia Centro, M\u00e9rida, Yucat\u00e1n, c\u00f3digo postal 97000, es responsable de recabar sus datos personales, y datos personales [&hellip;]<\/p>","protected":false},"author":1,"featured_media":0,"parent":0,"menu_order":0,"comment_status":"closed","ping_status":"closed","template":"elementor_header_footer","meta":{"footnotes":""},"class_list":["post-1981","page","type-page","status-publish","hentry"],"_links":{"self":[{"href":"https:\/\/elpinar.com.mx\/en\/wp-json\/wp\/v2\/pages\/1981","targetHints":{"allow":["GET"]}}],"collection":[{"href":"https:\/\/elpinar.com.mx\/en\/wp-json\/wp\/v2\/pages"}],"about":[{"href":"https:\/\/elpinar.com.mx\/en\/wp-json\/wp\/v2\/types\/page"}],"author":[{"embeddable":true,"href":"https:\/\/elpinar.com.mx\/en\/wp-json\/wp\/v2\/users\/1"}],"replies":[{"embeddable":true,"href":"https:\/\/elpinar.com.mx\/en\/wp-json\/wp\/v2\/comments?post=1981"}],"version-history":[{"count":0,"href":"https:\/\/elpinar.com.mx\/en\/wp-json\/wp\/v2\/pages\/1981\/revisions"}],"wp:attachment":[{"href":"https:\/\/elpinar.com.mx\/en\/wp-json\/wp\/v2\/media?parent=1981"}],"curies":[{"name":"wp","href":"https:\/\/api.w.org\/{rel}","templated":true}]}}