{"id":167,"date":"2024-01-25T04:41:28","date_gmt":"2024-01-25T04:41:28","guid":{"rendered":"https:\/\/pinar2.funky.company\/?page_id=167"},"modified":"2024-01-31T00:27:51","modified_gmt":"2024-01-31T00:27:51","slug":"historia","status":"publish","type":"page","link":"https:\/\/elpinar.com.mx\/en\/historia\/","title":{"rendered":"Historia"},"content":{"rendered":"<div data-elementor-type=\"wp-page\" data-elementor-id=\"167\" class=\"elementor elementor-167\" data-elementor-post-type=\"page\">\n\t\t\t\t<div class=\"elementor-element elementor-element-db4189e e-flex e-con-boxed e-con e-parent\" data-id=\"db4189e\" data-element_type=\"container\">\n\t\t\t\t\t<div class=\"e-con-inner\">\n\t\t\t\t\t<\/div>\n\t\t\t\t<\/div>\n\t\t<div class=\"elementor-element elementor-element-6f0db6de e-flex e-con-boxed e-con e-parent\" data-id=\"6f0db6de\" data-element_type=\"container\" data-settings=\"{&quot;background_background&quot;:&quot;classic&quot;}\">\n\t\t\t\t\t<div class=\"e-con-inner\">\n\t\t<div class=\"elementor-element elementor-element-762cb659 e-con-full e-flex e-con e-child\" data-id=\"762cb659\" data-element_type=\"container\">\n\t\t<div class=\"elementor-element elementor-element-cf34934 e-flex e-con-boxed e-con e-child\" data-id=\"cf34934\" data-element_type=\"container\">\n\t\t\t\t\t<div class=\"e-con-inner\">\n\t\t\t\t<div class=\"elementor-element elementor-element-64cbdf7 elementor-widget elementor-widget-heading\" data-id=\"64cbdf7\" data-element_type=\"widget\" data-widget_type=\"heading.default\">\n\t\t\t\t<div class=\"elementor-widget-container\">\n\t\t\t\t\t<h2 class=\"elementor-heading-title elementor-size-default\">Historia<\/h2>\t\t\t\t<\/div>\n\t\t\t\t<\/div>\n\t\t\t\t\t<\/div>\n\t\t\t\t<\/div>\n\t\t\t\t<\/div>\n\t\t<div class=\"elementor-element elementor-element-9aed74b e-con-full e-flex e-con e-child\" data-id=\"9aed74b\" data-element_type=\"container\">\n\t\t<div class=\"elementor-element elementor-element-a80bb2e e-flex e-con-boxed e-con e-child\" data-id=\"a80bb2e\" data-element_type=\"container\">\n\t\t\t\t\t<div class=\"e-con-inner\">\n\t\t\t\t<div class=\"elementor-element elementor-element-6dbc9eb elementor-invisible elementor-widget elementor-widget-image\" data-id=\"6dbc9eb\" data-element_type=\"widget\" data-settings=\"{&quot;motion_fx_motion_fx_scrolling&quot;:&quot;yes&quot;,&quot;motion_fx_translateX_effect&quot;:&quot;yes&quot;,&quot;motion_fx_translateX_speed&quot;:{&quot;unit&quot;:&quot;px&quot;,&quot;size&quot;:0.7,&quot;sizes&quot;:[]},&quot;_animation&quot;:&quot;fadeInUp&quot;,&quot;motion_fx_translateX_affectedRange&quot;:{&quot;unit&quot;:&quot;%&quot;,&quot;size&quot;:&quot;&quot;,&quot;sizes&quot;:{&quot;start&quot;:0,&quot;end&quot;:100}},&quot;motion_fx_devices&quot;:[&quot;desktop&quot;,&quot;tablet_extra&quot;,&quot;tablet&quot;,&quot;mobile&quot;]}\" data-widget_type=\"image.default\">\n\t\t\t\t<div class=\"elementor-widget-container\">\n\t\t\t\t\t\t\t\t\t\t\t\t\t\t\t<img decoding=\"async\" src=\"https:\/\/elpinar.com.mx\/wp-content\/plugins\/elementor\/assets\/images\/placeholder.png\" title=\"\" alt=\"\" loading=\"lazy\" \/>\t\t\t\t\t\t\t\t\t\t\t\t\t\t\t<\/div>\n\t\t\t\t<\/div>\n\t\t\t\t\t<\/div>\n\t\t\t\t<\/div>\n\t\t<div class=\"elementor-element elementor-element-c41fdc0 e-flex e-con-boxed e-con e-child\" data-id=\"c41fdc0\" data-element_type=\"container\">\n\t\t\t\t\t<div class=\"e-con-inner\">\n\t\t\t\t<div class=\"elementor-element elementor-element-7d8be9a elementor-invisible elementor-widget elementor-widget-image\" data-id=\"7d8be9a\" data-element_type=\"widget\" data-settings=\"{&quot;motion_fx_motion_fx_scrolling&quot;:&quot;yes&quot;,&quot;motion_fx_translateX_effect&quot;:&quot;yes&quot;,&quot;motion_fx_translateX_speed&quot;:{&quot;unit&quot;:&quot;px&quot;,&quot;size&quot;:0.7,&quot;sizes&quot;:[]},&quot;_animation&quot;:&quot;fadeInUp&quot;,&quot;motion_fx_translateX_affectedRange&quot;:{&quot;unit&quot;:&quot;%&quot;,&quot;size&quot;:&quot;&quot;,&quot;sizes&quot;:{&quot;start&quot;:0,&quot;end&quot;:100}},&quot;motion_fx_devices&quot;:[&quot;desktop&quot;,&quot;tablet_extra&quot;,&quot;tablet&quot;,&quot;mobile&quot;]}\" data-widget_type=\"image.default\">\n\t\t\t\t<div class=\"elementor-widget-container\">\n\t\t\t\t\t\t\t\t\t\t\t\t\t\t\t<img decoding=\"async\" src=\"https:\/\/elpinar.com.mx\/wp-content\/plugins\/elementor\/assets\/images\/placeholder.png\" title=\"\" alt=\"\" loading=\"lazy\" \/>\t\t\t\t\t\t\t\t\t\t\t\t\t\t\t<\/div>\n\t\t\t\t<\/div>\n\t\t\t\t\t<\/div>\n\t\t\t\t<\/div>\n\t\t<div class=\"elementor-element elementor-element-e7f5a6b e-flex e-con-boxed e-con e-child\" data-id=\"e7f5a6b\" data-element_type=\"container\">\n\t\t\t\t\t<div class=\"e-con-inner\">\n\t\t\t\t<div class=\"elementor-element elementor-element-ae93c26 elementor-invisible elementor-widget elementor-widget-image\" data-id=\"ae93c26\" data-element_type=\"widget\" data-settings=\"{&quot;motion_fx_motion_fx_scrolling&quot;:&quot;yes&quot;,&quot;motion_fx_translateX_effect&quot;:&quot;yes&quot;,&quot;motion_fx_translateX_speed&quot;:{&quot;unit&quot;:&quot;px&quot;,&quot;size&quot;:0.7,&quot;sizes&quot;:[]},&quot;_animation&quot;:&quot;fadeInUp&quot;,&quot;motion_fx_translateX_affectedRange&quot;:{&quot;unit&quot;:&quot;%&quot;,&quot;size&quot;:&quot;&quot;,&quot;sizes&quot;:{&quot;start&quot;:0,&quot;end&quot;:100}},&quot;motion_fx_devices&quot;:[&quot;desktop&quot;,&quot;tablet_extra&quot;,&quot;tablet&quot;,&quot;mobile&quot;]}\" data-widget_type=\"image.default\">\n\t\t\t\t<div class=\"elementor-widget-container\">\n\t\t\t\t\t\t\t\t\t\t\t\t\t\t\t<img decoding=\"async\" src=\"https:\/\/elpinar.com.mx\/wp-content\/plugins\/elementor\/assets\/images\/placeholder.png\" title=\"\" alt=\"\" loading=\"lazy\" \/>\t\t\t\t\t\t\t\t\t\t\t\t\t\t\t<\/div>\n\t\t\t\t<\/div>\n\t\t\t\t\t<\/div>\n\t\t\t\t<\/div>\n\t\t\t\t<\/div>\n\t\t\t\t\t<\/div>\n\t\t\t\t<\/div>\n\t\t<div class=\"elementor-element elementor-element-5650e89 e-flex e-con-boxed e-con e-parent\" data-id=\"5650e89\" data-element_type=\"container\" data-settings=\"{&quot;background_background&quot;:&quot;classic&quot;}\">\n\t\t\t\t\t<div class=\"e-con-inner\">\n\t\t<div class=\"elementor-element elementor-element-08f8d6a e-con-full e-flex e-con e-child\" data-id=\"08f8d6a\" data-element_type=\"container\">\n\t\t\t\t<div class=\"elementor-element elementor-element-7e597df elementor-invisible elementor-widget elementor-widget-text-editor\" data-id=\"7e597df\" data-element_type=\"widget\" data-settings=\"{&quot;_animation&quot;:&quot;fadeInLeft&quot;}\" data-widget_type=\"text-editor.default\">\n\t\t\t\t<div class=\"elementor-widget-container\">\n\t\t\t\t\t\t\t\t\t<p>Entre las sombras de la historia y los susurros de los \u00e1rboles centenarios, la Casa Museo El Pinar se erige como un testamento viviente del pasado que se entreteje con la majestuosidad del presente. Sus cimientos, acariciados por el tiempo, se hunden en la tierra f\u00e9rtil de M\u00e9rida, Yucat\u00e1n, y su historia se despliega como un tapiz tejido con hilos de intriga y elegancia. Enclavada en los albores del siglo XX, entre los a\u00f1os 1898 y 1904, la casa se erige como un faro de la \u00e9poca del auge econ\u00f3mico del estado, donde la bonanza del henequ\u00e9n tej\u00eda hilos de prosperidad en la regi\u00f3n.<\/p>\t\t\t\t\t\t\t\t<\/div>\n\t\t\t\t<\/div>\n\t\t\t\t<div class=\"elementor-element elementor-element-c792879 elementor-invisible elementor-widget elementor-widget-text-editor\" data-id=\"c792879\" data-element_type=\"widget\" data-settings=\"{&quot;_animation&quot;:&quot;fadeInLeft&quot;}\" data-widget_type=\"text-editor.default\">\n\t\t\t\t<div class=\"elementor-widget-container\">\n\t\t\t\t\t\t\t\t\t<p>Registrada en 1904, este recinto se convirti\u00f3 en un refugio de esplendor y opulencia en medio de una \u00e9poca de pujanza. Con fachada Neorrenacentista italofrancesa, sus muros cuentan historias que se funden con la elegancia de la Belle \u00c9poque y los delicados trazos del Art Nouveau en su interior. La arquitectura, una danza armoniosa entre estilos, se convierte en el escenario de eventos que trascienden el tiempo, donde la modernidad abraza la herencia del pasado con gracia y distinci\u00f3n. La casa, m\u00e1s que un conjunto de paredes y pasillos, es un santuario de tesoros que susurran leyendas. Sus salones han sido testigos de risas, de ceremonias familiares y de momentos \u00edntimos que han quedado grabados en las p\u00e1ginas de su historia. Desde el crep\u00fasculo de aquellos a\u00f1os de opulencia hasta el fulgor de hoy, cada rinc\u00f3n de la Casa Museo El Pinar lleva consigo las huellas de una rica narrativa. En los jardines, donde la naturaleza se entrelaza con la arquitectura, se ha desplegado un sinf\u00edn de escenarios memorables.\u00a0<\/p>\t\t\t\t\t\t\t\t<\/div>\n\t\t\t\t<\/div>\n\t\t\t\t<div class=\"elementor-element elementor-element-687300c elementor-invisible elementor-widget elementor-widget-text-editor\" data-id=\"687300c\" data-element_type=\"widget\" data-settings=\"{&quot;_animation&quot;:&quot;fadeInLeft&quot;}\" data-widget_type=\"text-editor.default\">\n\t\t\t\t<div class=\"elementor-widget-container\">\n\t\t\t\t\t\t\t\t\t<p>Desde cursos de arte que danzan entre las sombras de los \u00e1rboles hasta bautizos que reverberan con la alegr\u00eda familiar, el jard\u00edn se ha convertido en el tel\u00f3n de fondo perfecto para eventos que florecen en la esencia de la historia y la exuberancia natural. Hoy, la Casa Museo El Pinar invita a explorar sus pasillos a trav\u00e9s de visitas guiadas, donde la reserva previa se convierte en el primer paso para adentrarse en este rinc\u00f3n de elegancia y misterio. Cada visita es un encuentro con el pasado que se desdobla en relatos contados por cada antig\u00fcedad, por cada rinc\u00f3n que se yergue como testigo silente de eras pasadas.<\/p>\t\t\t\t\t\t\t\t<\/div>\n\t\t\t\t<\/div>\n\t\t\t\t<\/div>\n\t\t<div class=\"elementor-element elementor-element-fe79bd4 e-con-full e-flex e-con e-child\" data-id=\"fe79bd4\" data-element_type=\"container\">\n\t\t\t\t<\/div>\n\t\t\t\t\t<\/div>\n\t\t\t\t<\/div>\n\t\t<div class=\"elementor-element elementor-element-1a3ef410 e-flex e-con-boxed e-con e-parent\" data-id=\"1a3ef410\" data-element_type=\"container\">\n\t\t\t\t\t<div class=\"e-con-inner\">\n\t\t\t\t\t<\/div>\n\t\t\t\t<\/div>\n\t\t\t\t<\/div>","protected":false},"excerpt":{"rendered":"<p>Historia Entre las sombras de la historia y los susurros de los \u00e1rboles centenarios, la Casa Museo El Pinar se erige como un testamento viviente del pasado que se entreteje con la majestuosidad del presente. Sus cimientos, acariciados por el tiempo, se hunden en la tierra f\u00e9rtil de M\u00e9rida, Yucat\u00e1n, y su historia se despliega [&hellip;]<\/p>","protected":false},"author":1,"featured_media":0,"parent":0,"menu_order":0,"comment_status":"closed","ping_status":"closed","template":"elementor_header_footer","meta":{"footnotes":""},"class_list":["post-167","page","type-page","status-publish","hentry"],"_links":{"self":[{"href":"https:\/\/elpinar.com.mx\/en\/wp-json\/wp\/v2\/pages\/167","targetHints":{"allow":["GET"]}}],"collection":[{"href":"https:\/\/elpinar.com.mx\/en\/wp-json\/wp\/v2\/pages"}],"about":[{"href":"https:\/\/elpinar.com.mx\/en\/wp-json\/wp\/v2\/types\/page"}],"author":[{"embeddable":true,"href":"https:\/\/elpinar.com.mx\/en\/wp-json\/wp\/v2\/users\/1"}],"replies":[{"embeddable":true,"href":"https:\/\/elpinar.com.mx\/en\/wp-json\/wp\/v2\/comments?post=167"}],"version-history":[{"count":0,"href":"https:\/\/elpinar.com.mx\/en\/wp-json\/wp\/v2\/pages\/167\/revisions"}],"wp:attachment":[{"href":"https:\/\/elpinar.com.mx\/en\/wp-json\/wp\/v2\/media?parent=167"}],"curies":[{"name":"wp","href":"https:\/\/api.w.org\/{rel}","templated":true}]}}